{"id":6719,"date":"2025-04-22T14:45:50","date_gmt":"2025-04-22T12:45:50","guid":{"rendered":"https:\/\/www.palazzolanzatomasi.it\/?page_id=6719"},"modified":"2025-08-29T14:20:36","modified_gmt":"2025-08-29T12:20:36","slug":"sostenibilita","status":"publish","type":"page","link":"https:\/\/www.palazzolanzatomasi.it\/it\/palazzo\/sostenibilita\/","title":{"rendered":"Sostenibilit\u00e0"},"content":{"rendered":"<p>[et_pb_section fb_built=&#8221;1&#8243; fullwidth=&#8221;on&#8221; _builder_version=&#8221;4.16&#8243; global_colors_info=&#8221;{}&#8221;][et_pb_fullwidth_image src=&#8221;https:\/\/www.palazzolanzatomasi.it\/wp-content\/uploads\/2025\/06\/header-sostenibilita-1.jpg&#8221; alt=&#8221;Palazzo Lanza Tomasi&#8221; title_text=&#8221;header-sostenibilita&#8221; _builder_version=&#8221;4.27.4&#8243; animation_style=&#8221;fade&#8221; animation_duration=&#8221;500ms&#8221; use_border_color=&#8221;off&#8221; global_colors_info=&#8221;{}&#8221;][\/et_pb_fullwidth_image][\/et_pb_section][et_pb_section fb_built=&#8221;1&#8243; admin_label=&#8221;section&#8221; _builder_version=&#8221;4.16&#8243; global_colors_info=&#8221;{}&#8221;][et_pb_row admin_label=&#8221;row&#8221; _builder_version=&#8221;4.16&#8243; background_size=&#8221;initial&#8221; background_position=&#8221;top_left&#8221; background_repeat=&#8221;repeat&#8221; make_fullwidth=&#8221;off&#8221; use_custom_width=&#8221;off&#8221; width_unit=&#8221;on&#8221; global_colors_info=&#8221;{}&#8221;][et_pb_column type=&#8221;4_4&#8243; _builder_version=&#8221;4.16&#8243; custom_padding=&#8221;|||&#8221; global_colors_info=&#8221;{}&#8221; custom_padding__hover=&#8221;|||&#8221;][et_pb_post_title meta=&#8221;off&#8221; featured_image=&#8221;off&#8221; _builder_version=&#8221;4.16&#8243; title_font_size=&#8221;30&#8243; text_orientation=&#8221;center&#8221; custom_margin=&#8221;||0px|&#8221; use_border_color=&#8221;off&#8221; border_color=&#8221;#ffffff&#8221; border_style=&#8221;solid&#8221; parallax_effect=&#8221;off&#8221; global_colors_info=&#8221;{}&#8221;][\/et_pb_post_title][et_pb_image src=&#8221;https:\/\/www.palazzolanzatomasi.it\/wp-content\/uploads\/2017\/03\/separatore.png&#8221; show_bottom_space=&#8221;off&#8221; align=&#8221;center&#8221; align_tablet=&#8221;center&#8221; align_phone=&#8221;&#8221; align_last_edited=&#8221;on|desktop&#8221; _builder_version=&#8221;4.16&#8243; use_border_color=&#8221;off&#8221; border_color=&#8221;#ffffff&#8221; border_style=&#8221;solid&#8221; sticky=&#8221;on&#8221; always_center_on_mobile=&#8221;on&#8221; global_colors_info=&#8221;{}&#8221;][\/et_pb_image][\/et_pb_column][\/et_pb_row][\/et_pb_section][et_pb_section fb_built=&#8221;1&#8243; _builder_version=&#8221;4.16&#8243; global_colors_info=&#8221;{}&#8221;][et_pb_row _builder_version=&#8221;4.16&#8243; background_size=&#8221;initial&#8221; background_position=&#8221;top_left&#8221; background_repeat=&#8221;repeat&#8221; global_colors_info=&#8221;{}&#8221;][et_pb_column type=&#8221;4_4&#8243; _builder_version=&#8221;4.16&#8243; custom_padding=&#8221;|||&#8221; global_colors_info=&#8221;{}&#8221; custom_padding__hover=&#8221;|||&#8221;][et_pb_text _builder_version=&#8221;4.27.4&#8243; global_colors_info=&#8221;{}&#8221;]<\/p>\n<h2 style=\"text-align: center;\">Palazzo Lanza Tomasi, un esempio virtuoso <br \/>di preservazione del bene storico e rispetto per l\u2019ambiente<\/h2>\n<p>[\/et_pb_text][et_pb_text _builder_version=&#8221;4.27.4&#8243; global_colors_info=&#8221;{}&#8221;]<\/p>\n<p><strong><a href=\"https:\/\/www.palazzolanzatomasi.it\/it\/palazzo\/\">Palazzo Lanza Tomasi<\/a> \u00e8 attivamente impegnato nella ricerca della massima sostenibilit\u00e0<\/strong>.<\/p>\n<p>Cerchiamo di <strong>ridurre il pi\u00f9 possibile l\u2019uso della plastica<\/strong>, sostituendola con acciaio, vetro, legno o prodotti naturali.<br \/>Abbiamo abolito l\u2019uso di bottiglie PET di acqua minerale e usiamo soltanto <strong>acqua potabile microfiltrata in bottiglie di vetro sterilizzabili e riutilizzabili<\/strong>.<\/p>\n<p>Per contrastare il devastante impatto ambientale provocato dai <strong>set di cortesia per i bagni<\/strong>, abbiamo adottato un innovativo sistema ideato da Antidot, una compagnia maltese di prodotti naturali che ci fornisce dispenser in acciaio inossidabile per i bagni dei nostri <a href=\"https:\/\/www.palazzolanzatomasi.it\/it\/butera-28-apartments-palermo\/\">Butera 28 Apartments<\/a>. Lo shampoo, il bagnoschiuma e il sapone forniti da Antidot sono in polvere e vengono realizzati da noi stessi miscelando le polveri con acqua. Le polveri sono contenute in sacchetti di carta biodegradabili, una forma di packaging totalmente sostenibile che contribuisce tra l\u2019altro a ridurre l\u2019impronta ecologica. Questi prodotti sono biologici, vegani e privi di ogni ingrediente chimico.<\/p>\n<p>Per la pulizia dell\u2019intero palazzo e degli appartamenti <strong>utilizziamo soltanto detersivi di alta qualit\u00e0, il pi\u00f9 possibile biodegradabili e a basso impatto ambientale<\/strong>, e privilegiamo le pulizie con il vapore che, oltre a non inquinare, garantisce la massima igienizzazione degli ambienti.<\/p>\n<p>In ottemperanza alle norme europee, tutti i <strong>materassi dei nostri appartamenti sono ignifughi, antibatterici e anti bed bug, e vengono regolarmente igienizzati. I cuscini sono anallergici e antibatterici<\/strong>.<\/p>\n<p>Tutte l<strong>e finestre del palazzo sono in vetrocamera<\/strong>, che offre un ottimo isolamento termico e acustico, contribuendo all\u2019efficienza energetica dell\u2019edificio e al confort degli ospiti.<\/p>\n<p>La nostra ricerca della sostenibilit\u00e0 investe anche la manutenzione della nostra <strong>terrazza che cerchiamo di rendere il pi\u00f9 possibile un\u2019oasi di biodiversit\u00e0<\/strong>. Non usiamo pesticidi chimici, utilizziamo come antiparassitario l\u2019olio di Neem e contro afidi e cocciniglia creiamo spray a base di acqua e sapone di Marsiglia oppure spicchi di aglio tritati.<\/p>\n<p><strong>Stiamo investendo nella riqualificazione energetica del nostro palazzo<\/strong>, per preservarne la storicit\u00e0 e riducendo nel contempo l\u2019impatto ambientale.<br \/>Quest\u2019anno sostituiremo i generatori a combustione con pompe di calore ad alta efficienza, rinnoveremo e automatizzeremo gli impianti elettrici e speciali, e installeremo un impianto fotovoltaico da 40kWp. Questo intervento ci permetter\u00e0 di ridurre le emissioni nel centro urbano, migliorando la sostenibilit\u00e0 ambientale della nostra struttura.<\/p>\n<p>[\/et_pb_text][\/et_pb_column][\/et_pb_row][\/et_pb_section]<\/p>\n","protected":false},"excerpt":{"rendered":"<p>Palazzo Lanza Tomasi, un esempio virtuoso di preservazione del bene storico e rispetto per l\u2019ambientePalazzo Lanza Tomasi \u00e8 attivamente impegnato nella ricerca della massima sostenibilit\u00e0. Cerchiamo di ridurre il pi\u00f9 possibile l\u2019uso della plastica, sostituendola con acciaio, vetro, legno o prodotti naturali.Abbiamo abolito l\u2019uso di bottiglie PET di acqua minerale e usiamo soltanto acqua potabile [&hellip;]<\/p>\n","protected":false},"author":1,"featured_media":0,"parent":2240,"menu_order":5,"comment_status":"closed","ping_status":"closed","template":"","meta":{"_et_pb_use_builder":"on","_et_pb_old_content":"<p>[et_pb_section fb_built=\"1\" fullwidth=\"on\" _builder_version=\"4.16\" global_colors_info=\"{}\"][et_pb_fullwidth_image src=\"https:\/\/www.palazzolanzatomasi.it\/wp-content\/uploads\/2019\/01\/header-conference-suite.jpg\" alt=\"Palazzo Lanza Tomasi\" title_text=\"Palazzo Lanza Tomasi\" _builder_version=\"4.16\" animation_style=\"fade\" animation_duration=\"500ms\" use_border_color=\"off\" global_colors_info=\"{}\"][\/et_pb_fullwidth_image][\/et_pb_section][et_pb_section fb_built=\"1\" admin_label=\"section\" _builder_version=\"4.16\" global_colors_info=\"{}\"][et_pb_row admin_label=\"row\" _builder_version=\"4.16\" background_size=\"initial\" background_position=\"top_left\" background_repeat=\"repeat\" make_fullwidth=\"off\" use_custom_width=\"off\" width_unit=\"on\" global_colors_info=\"{}\"][et_pb_column type=\"4_4\" _builder_version=\"4.16\" custom_padding=\"|||\" global_colors_info=\"{}\" custom_padding__hover=\"|||\"][et_pb_post_title meta=\"off\" featured_image=\"off\" _builder_version=\"4.16\" title_font_size=\"30\" text_orientation=\"center\" custom_margin=\"||0px|\" use_border_color=\"off\" border_color=\"#ffffff\" border_style=\"solid\" parallax_effect=\"off\" global_colors_info=\"{}\"][\/et_pb_post_title][et_pb_image src=\"https:\/\/www.palazzolanzatomasi.it\/wp-content\/uploads\/2017\/03\/separatore.png\" show_bottom_space=\"off\" align=\"center\" align_tablet=\"center\" align_phone=\"\" align_last_edited=\"on|desktop\" _builder_version=\"4.16\" use_border_color=\"off\" border_color=\"#ffffff\" border_style=\"solid\" sticky=\"on\" always_center_on_mobile=\"on\" global_colors_info=\"{}\"][\/et_pb_image][\/et_pb_column][\/et_pb_row][\/et_pb_section][et_pb_section fb_built=\"1\" _builder_version=\"4.16\" global_colors_info=\"{}\"][et_pb_row _builder_version=\"4.16\" background_size=\"initial\" background_position=\"top_left\" background_repeat=\"repeat\" global_colors_info=\"{}\"][et_pb_column type=\"4_4\" _builder_version=\"4.16\" custom_padding=\"|||\" global_colors_info=\"{}\" custom_padding__hover=\"|||\"][et_pb_text _builder_version=\"4.27.4\" global_colors_info=\"{}\"]<\/p><h2 style=\"text-align: center;\">Palazzo Lanza Tomasi: a virtuous example<br \/>of preservation of a historical building and respect for the environment<\/h2><p>[\/et_pb_text][et_pb_text _builder_version=\"4.27.4\" global_colors_info=\"{}\"]<\/p><p><strong><a href=\"https:\/\/www.palazzolanzatomasi.it\/it\/palazzo\/\">Palazzo Lanza Tomasi<\/a> is actively engaged in the search for maximum sustainability<\/strong>.<\/p><p>We take our commitment to the environment seriously so wherever possible we use <strong>high-quality biodegradable detergents<\/strong> and <strong>with a low environmental impact<\/strong>. We also favour <strong>cleaning with steam<\/strong> which, which is not polluting and fragrance free, and guarantees maximum sanitisation of surfaces and the environment. Our goal is to <strong>minimise our carbon foot print<\/strong> and do our utmost to keep our environment as clean and eco-friendly as possible.<\/p><p>We<strong> try to reduce the use of plastic as much as possible<\/strong>, replacing it with steel, glass, wood or natural products.<\/p><p>We have <strong>abolished the use of PET bottles<\/strong> of mineral water and only use micro-filtered drinking water in sterilisable and reusable glass bottles.<\/p><p>To counteract the devastating environmental impact caused by<strong> bathroom courtesy sets<\/strong>, <strong>we have adopted an innovative system designed by Antidot<\/strong>, a Maltese company of natural products that supplies us with stainless steel dispensers for the bathrooms of our Butera 28 Apartments. The shampoo, shower gel and soap provided by Antidot are in powder form and are made by ourselves by mixing the powders with water. The powders are contained in biodegradable paper bags, a form of totally sustainable packaging that also contributes to reducing the carbonl foot print. These products are organic, vegan and free of any chemical ingredients.<\/p><p>In compliance with European standards, <strong>all mattresses in our apartments are fireproof, antibacterial and anti-bed bug, and are regularly sanitised. All the pillows are hypoallergenic and antibacterial<\/strong>.<\/p><p><strong>All the windows in the building are double-glazed<\/strong>, which offers excellent thermal and acoustic insulation, contributing to the energy efficiency of the building and the comfort of our guests.<\/p><p>Our search for sustainability also involves the maintenance of <strong>our terrace, which we try to make as much of an oasis of biodiversity as possible<\/strong>. <strong>We make our own compost<\/strong> and do not use chemical pesticides. We use Neem oil as an anti-parasitic and against aphids and cochineal we create sprays based on water and Marseille soap or chopped garlic cloves.<\/p><p><strong>We are investing in the energy requalification of our building<\/strong>, to preserve its historicity and at the same time reduce its environmental impact.<br \/>This year we will replace combustion generators with high-efficiency heat pumps, renovate and automate electrical and special systems, and install a 40kWp photovoltaic system. This intervention will allow us to reduce emissions in the city centre, improving the environmental sustainability of our building.<\/p><p><strong>Our commitment is to make our Palazzo an example of innovation and respect for the environment<\/strong>.<\/p><p>\u00a0<\/p><p>[\/et_pb_text][\/et_pb_column][\/et_pb_row][\/et_pb_section][et_pb_section fb_built=\"1\" _builder_version=\"4.16\" background_color=\"#f4f6f8\" transparent_background=\"off\" make_fullwidth=\"off\" use_custom_width=\"off\" width_unit=\"on\" global_module=\"1236\" global_colors_info=\"{}\"][et_pb_row column_structure=\"1_3,1_3,1_3\" _builder_version=\"4.16\" background_size=\"initial\" background_position=\"top_left\" background_repeat=\"repeat\" make_fullwidth=\"off\" use_custom_width=\"off\" width_unit=\"on\" global_colors_info=\"{}\"][et_pb_column type=\"1_3\" _builder_version=\"4.16\" custom_padding=\"|||\" global_colors_info=\"{}\" custom_padding__hover=\"|||\"][et_pb_blurb use_icon=\"on\" font_icon=\"\ue081||divi||400\" icon_color=\"#102e4d\" image_icon_width=\"32\" _builder_version=\"4.21.0\" background_size=\"initial\" background_position=\"top_left\" background_repeat=\"repeat\" text_orientation=\"center\" custom_margin=\"0px||0px|\" custom_padding=\"0px||0px|\" animation=\"off\" custom_css_blurb_image=\"margin-bottom: 10px;\" border_style=\"solid\" image_max_width=\"none\" icon_font_size=\"32\" use_circle=\"off\" use_circle_border=\"off\" global_colors_info=\"{}\"]<\/p><p>Palazzo Lanza Tomasi srl<br \/>Via Butera, 28 - 90133 - Palermo - Italy<\/p><p>[\/et_pb_blurb][\/et_pb_column][et_pb_column type=\"1_3\" _builder_version=\"4.16\" custom_padding=\"|||\" global_colors_info=\"{}\" custom_padding__hover=\"|||\"][et_pb_blurb use_icon=\"on\" font_icon=\"\ue090||divi||400\" icon_color=\"#102e4d\" image_icon_width=\"32\" _builder_version=\"4.27.4\" background_size=\"initial\" background_position=\"top_left\" background_repeat=\"repeat\" text_orientation=\"center\" custom_margin=\"0px||0px|\" custom_padding=\"0px||0px|\" animation=\"off\" custom_css_blurb_image=\"margin-bottom: 10px;\" border_style=\"solid\" image_max_width=\"none\" icon_font_size=\"32\" use_circle=\"off\" use_circle_border=\"off\" global_colors_info=\"{}\"]<\/p><p><a href=\"tel:+393333165432\" target=\"_blank\" rel=\"noopener\">+39 333 3165432<\/a><br \/><a href=\"tel:+393664143887\" target=\"_blank\" rel=\"noopener\">+39 366 4143887<\/a><\/p><p>[\/et_pb_blurb][\/et_pb_column][et_pb_column type=\"1_3\" _builder_version=\"4.16\" custom_padding=\"|||\" global_colors_info=\"{}\" custom_padding__hover=\"|||\"][et_pb_blurb use_icon=\"on\" font_icon=\"\ue076||divi||400\" icon_color=\"#102e4d\" image_icon_width=\"32\" _builder_version=\"4.27.4\" background_size=\"initial\" background_position=\"top_left\" background_repeat=\"repeat\" text_orientation=\"center\" custom_margin=\"0px||0px|\" custom_padding=\"0px||0px|\" animation=\"off\" custom_css_blurb_image=\"margin-bottom: 10px;\" border_style=\"solid\" image_max_width=\"none\" icon_font_size=\"32\" use_circle=\"off\" use_circle_border=\"off\" global_colors_info=\"{}\"]<\/p><p>Aparments:<a href=\"mailto:info@butera28.com\" target=\"_blank\" rel=\"noopener\">\u00a0info@butera28.com<\/a><br \/>Events: <a href=\"mailto:events@palazzolanzatomasi.it\" target=\"_blank\" rel=\"noopener\">events@palazzolanzatomasi.it<\/a><br \/>Cooking:<a href=\"mailto:info@cookingwiththeduchess.com\" target=\"_blank\" rel=\"noopener\">\u00a0info@cookingwiththeduchess.com<\/a><\/p><p>[\/et_pb_blurb][\/et_pb_column][\/et_pb_row][\/et_pb_section]<\/p>","_et_gb_content_width":"","footnotes":""},"class_list":["post-6719","page","type-page","status-publish","hentry"],"_links":{"self":[{"href":"https:\/\/www.palazzolanzatomasi.it\/it\/wp-json\/wp\/v2\/pages\/6719","targetHints":{"allow":["GET"]}}],"collection":[{"href":"https:\/\/www.palazzolanzatomasi.it\/it\/wp-json\/wp\/v2\/pages"}],"about":[{"href":"https:\/\/www.palazzolanzatomasi.it\/it\/wp-json\/wp\/v2\/types\/page"}],"author":[{"embeddable":true,"href":"https:\/\/www.palazzolanzatomasi.it\/it\/wp-json\/wp\/v2\/users\/1"}],"replies":[{"embeddable":true,"href":"https:\/\/www.palazzolanzatomasi.it\/it\/wp-json\/wp\/v2\/comments?post=6719"}],"version-history":[{"count":11,"href":"https:\/\/www.palazzolanzatomasi.it\/it\/wp-json\/wp\/v2\/pages\/6719\/revisions"}],"predecessor-version":[{"id":7459,"href":"https:\/\/www.palazzolanzatomasi.it\/it\/wp-json\/wp\/v2\/pages\/6719\/revisions\/7459"}],"up":[{"embeddable":true,"href":"https:\/\/www.palazzolanzatomasi.it\/it\/wp-json\/wp\/v2\/pages\/2240"}],"wp:attachment":[{"href":"https:\/\/www.palazzolanzatomasi.it\/it\/wp-json\/wp\/v2\/media?parent=6719"}],"curies":[{"name":"wp","href":"https:\/\/api.w.org\/{rel}","templated":true}]}}