{"id":3511,"date":"2018-11-28T17:56:38","date_gmt":"2018-11-28T16:56:38","guid":{"rendered":"https:\/\/www.palazzolanzatomasi.it\/appartamenti-vacanze-palermo-sicilia\/standard\/apartment-20\/"},"modified":"2025-12-15T22:01:46","modified_gmt":"2025-12-15T21:01:46","slug":"appartamento-20","status":"publish","type":"page","link":"https:\/\/www.palazzolanzatomasi.it\/it\/butera-28-apartments-palermo\/standard\/appartamento-20\/","title":{"rendered":"Appartamento 20"},"content":{"rendered":"<p>[et_pb_section fb_built=&#8221;1&#8243; fullwidth=&#8221;on&#8221; _builder_version=&#8221;4.16&#8243; transparent_background=&#8221;off&#8221; make_fullwidth=&#8221;off&#8221; use_custom_width=&#8221;off&#8221; width_unit=&#8221;on&#8221; global_colors_info=&#8221;{}&#8221;][et_pb_fullwidth_image src=&#8221;https:\/\/www.palazzolanzatomasi.it\/wp-content\/uploads\/2018\/11\/header-standard20.jpg&#8221; _builder_version=&#8221;4.16&#8243; animation_style=&#8221;fade&#8221; animation_duration=&#8221;500ms&#8221; use_border_color=&#8221;off&#8221; global_colors_info=&#8221;{}&#8221;][\/et_pb_fullwidth_image][\/et_pb_section][et_pb_section fb_built=&#8221;1&#8243; specialty=&#8221;on&#8221; _builder_version=&#8221;4.16&#8243; global_colors_info=&#8221;{}&#8221;][et_pb_column type=&#8221;3_4&#8243; specialty_columns=&#8221;3&#8243; _builder_version=&#8221;4.16&#8243; custom_padding=&#8221;|||&#8221; global_colors_info=&#8221;{}&#8221; custom_padding__hover=&#8221;|||&#8221;][et_pb_row_inner admin_label=&#8221;Riga&#8221; _builder_version=&#8221;4.27.5&#8243; hover_enabled=&#8221;0&#8243; global_colors_info=&#8221;{}&#8221; custom_margin=&#8221;||-30px||false|false&#8221; sticky_enabled=&#8221;0&#8243;][et_pb_column_inner saved_specialty_column_type=&#8221;3_4&#8243; _builder_version=&#8221;4.16&#8243; custom_padding=&#8221;|||&#8221; global_colors_info=&#8221;{}&#8221; custom_padding__hover=&#8221;|||&#8221;][et_pb_post_title meta=&#8221;off&#8221; featured_image=&#8221;off&#8221; _builder_version=&#8221;4.16&#8243; use_border_color=&#8221;off&#8221; border_color=&#8221;#ffffff&#8221; border_style=&#8221;solid&#8221; parallax_effect=&#8221;off&#8221; global_colors_info=&#8221;{}&#8221;][\/et_pb_post_title][et_pb_text _builder_version=&#8221;4.27.4&#8243; border_style=&#8221;solid&#8221; global_colors_info=&#8221;{}&#8221;]<\/p>\n<p>Al primo piano, senza ascensore, questo appartamento di 70 m\u00b2 \u00e8 molto luminoso ed affaccia su via Butera. \u00c8 una d\u00e9pendance del Palazzo e l\u2019ingresso \u00e8 da via Butera 42.<br \/>Ingresso, soggiorno con divano letto doppio, cucina abitabile, camera da letto matrimoniale e bagno con doccia.<\/p>\n<p>Cucina attrezzata fornita di detersivi e l\u2019essenziale per la prima colazione.<br \/>Servizio di pulizia settimanale.<\/p>\n<p>[\/et_pb_text][\/et_pb_column_inner][\/et_pb_row_inner][et_pb_row_inner _builder_version=&#8221;4.23.2&#8243; _module_preset=&#8221;default&#8221; global_colors_info=&#8221;{}&#8221;][et_pb_column_inner saved_specialty_column_type=&#8221;3_4&#8243; _builder_version=&#8221;4.23.2&#8243; _module_preset=&#8221;default&#8221; global_colors_info=&#8221;{}&#8221;][et_pb_text _builder_version=&#8221;4.27.5&#8243; _module_preset=&#8221;default&#8221; global_colors_info=&#8221;{}&#8221; theme_builder_area=&#8221;post_content&#8221;]<\/p>\n<p><strong>Offriamo tariffe speciali di bassa stagione:<\/strong> <\/p>\n<p>[\/et_pb_text][et_pb_button button_url=&#8221;https:\/\/butera28.kross.travel\/appartamento-20&#8243; url_new_window=&#8221;on&#8221; button_text=&#8221;Verifica disponibilit\u00e0 e Prezzi&#8221; _builder_version=&#8221;4.27.5&#8243; _module_preset=&#8221;default&#8221; background_layout=&#8221;dark&#8221; hover_enabled=&#8221;0&#8243; global_colors_info=&#8221;{}&#8221; sticky_enabled=&#8221;0&#8243;][\/et_pb_button][\/et_pb_column_inner][\/et_pb_row_inner][\/et_pb_column][et_pb_column type=&#8221;1_4&#8243; _builder_version=&#8221;4.16&#8243; custom_padding=&#8221;|||&#8221; global_colors_info=&#8221;{}&#8221; custom_padding__hover=&#8221;|||&#8221;][et_pb_sidebar orientation=&#8221;right&#8221; area=&#8221;et_pb_widget_area_1&#8243; _builder_version=&#8221;4.16&#8243; body_text_color=&#8221;#102e4d&#8221; remove_border=&#8221;off&#8221; global_colors_info=&#8221;{}&#8221;][\/et_pb_sidebar][\/et_pb_column][\/et_pb_section][et_pb_section fb_built=&#8221;1&#8243; _builder_version=&#8221;4.16&#8243; background_color=&#8221;#f4f6f8&#8243; transparent_background=&#8221;off&#8221; make_fullwidth=&#8221;off&#8221; use_custom_width=&#8221;off&#8221; width_unit=&#8221;on&#8221; global_colors_info=&#8221;{}&#8221;][et_pb_row _builder_version=&#8221;4.16&#8243; background_size=&#8221;initial&#8221; background_position=&#8221;top_left&#8221; background_repeat=&#8221;repeat&#8221; custom_padding=&#8221;||0px|&#8221; make_fullwidth=&#8221;off&#8221; use_custom_width=&#8221;off&#8221; width_unit=&#8221;on&#8221; global_colors_info=&#8221;{}&#8221;][et_pb_column type=&#8221;4_4&#8243; _builder_version=&#8221;4.16&#8243; custom_padding=&#8221;|||&#8221; global_colors_info=&#8221;{}&#8221; custom_padding__hover=&#8221;|||&#8221;][et_pb_text _builder_version=&#8221;4.16&#8243; text_font=&#8221;Playfair Display||||&#8221; text_font_size=&#8221;24&#8243; background_size=&#8221;initial&#8221; background_position=&#8221;top_left&#8221; background_repeat=&#8221;repeat&#8221; text_orientation=&#8221;center&#8221; module_alignment=&#8221;center&#8221; custom_margin=&#8221;||0px|&#8221; custom_padding=&#8221;||0px|&#8221; use_border_color=&#8221;off&#8221; global_colors_info=&#8221;{}&#8221;]<\/p>\n<p>\nNell\u2019appartamento troverai<br \/><img loading=\"lazy\" decoding=\"async\" class=\"alignnone wp-image-641 size-full\" src=\"https:\/\/www.palazzolanzatomasi.it\/wp-content\/uploads\/2017\/03\/separatore-s.png\" alt=\"\" width=\"200\" height=\"10\"><\/p>\n<p>[\/et_pb_text][\/et_pb_column][\/et_pb_row][et_pb_row column_structure=&#8221;1_3,1_3,1_3&#8243; _builder_version=&#8221;4.16&#8243; background_size=&#8221;initial&#8221; background_position=&#8221;top_left&#8221; background_repeat=&#8221;repeat&#8221; global_colors_info=&#8221;{}&#8221;][et_pb_column type=&#8221;1_3&#8243; _builder_version=&#8221;4.16&#8243; custom_padding=&#8221;|||&#8221; global_colors_info=&#8221;{}&#8221; custom_padding__hover=&#8221;|||&#8221;][et_pb_text _builder_version=&#8221;4.16&#8243; background_size=&#8221;initial&#8221; background_position=&#8221;top_left&#8221; background_repeat=&#8221;repeat&#8221; use_border_color=&#8221;off&#8221; global_colors_info=&#8221;{}&#8221;]<\/p>\n<p>\n<i class=\"fa fa-check\" style=\"color: #cf875b;\"><!-- icon --><\/i>&nbsp; Connessione Wi-Fi gratuita<br \/><i class=\"fa fa-check\" style=\"color: #cf875b;\"><!-- icon --><\/i>&nbsp; TV<br \/><i class=\"fa fa-check\" style=\"color: #cf875b;\"><!-- icon --><\/i>&nbsp; Aria condizionata (pompe di calore)<br \/><i class=\"fa fa-check\" style=\"color: #cf875b;\"><!-- icon --><\/i>&nbsp; Asciugacapelli<\/p>\n<p>[\/et_pb_text][\/et_pb_column][et_pb_column type=&#8221;1_3&#8243; _builder_version=&#8221;4.16&#8243; custom_padding=&#8221;|||&#8221; global_colors_info=&#8221;{}&#8221; custom_padding__hover=&#8221;|||&#8221;][et_pb_text _builder_version=&#8221;4.16&#8243; background_size=&#8221;initial&#8221; background_position=&#8221;top_left&#8221; background_repeat=&#8221;repeat&#8221; use_border_color=&#8221;off&#8221; global_colors_info=&#8221;{}&#8221;]<\/p>\n<p>\n<i class=\"fa fa-check\" style=\"color: #cf875b;\"><!-- icon --><\/i>&nbsp; Asse e ferro da stiro<br \/><i class=\"fa fa-check\" style=\"color: #cf875b;\"><!-- icon --><\/i>&nbsp; Cucina a gas<br \/><i class=\"fa fa-check\" style=\"color: #cf875b;\"><!-- icon --><\/i>&nbsp; Forno elettrico<\/p>\n<p>[\/et_pb_text][\/et_pb_column][et_pb_column type=&#8221;1_3&#8243; _builder_version=&#8221;4.16&#8243; custom_padding=&#8221;|||&#8221; global_colors_info=&#8221;{}&#8221; custom_padding__hover=&#8221;|||&#8221;][et_pb_text _builder_version=&#8221;4.16&#8243; background_size=&#8221;initial&#8221; background_position=&#8221;top_left&#8221; background_repeat=&#8221;repeat&#8221; use_border_color=&#8221;off&#8221; global_colors_info=&#8221;{}&#8221;]<\/p>\n<p>\n<i class=\"fa fa-check\" style=\"color: #cf875b;\"><!-- icon --><\/i>&nbsp; Frigorifero con freezer<br \/><i class=\"fa fa-check\" style=\"color: #cf875b;\"><!-- icon --><\/i>&nbsp; Tostapane<br \/><i class=\"fa fa-check\" style=\"color: #cf875b;\"><!-- icon --><\/i>&nbsp; Lavabiancheria<\/p>\n<p>[\/et_pb_text][\/et_pb_column][\/et_pb_row][\/et_pb_section][et_pb_section fb_built=&#8221;1&#8243; _builder_version=&#8221;4.16&#8243; global_colors_info=&#8221;{}&#8221;][et_pb_row _builder_version=&#8221;4.16&#8243; background_size=&#8221;initial&#8221; background_position=&#8221;top_left&#8221; background_repeat=&#8221;repeat&#8221; global_colors_info=&#8221;{}&#8221;][et_pb_column type=&#8221;4_4&#8243; _builder_version=&#8221;4.16&#8243; custom_padding=&#8221;|||&#8221; global_colors_info=&#8221;{}&#8221; custom_padding__hover=&#8221;|||&#8221;][et_pb_gallery gallery_ids=&#8221;3476,3478,3480,3482,3484,3486,3488,3490,3492,3494,3496,3498,3500,3502&#8243; posts_number=&#8221;20&#8243; show_title_and_caption=&#8221;off&#8221; show_pagination=&#8221;off&#8221; zoom_icon_color=&#8221;#cf875b&#8221; _builder_version=&#8221;4.16&#8243; border_width_all=&#8221;1&#8243; border_color_all=&#8221;#cf875b&#8221; border_style_all=&#8221;dotted&#8221; use_border_color=&#8221;on&#8221; border_color=&#8221;#cf875b&#8221; border_width=&#8221;1&#8243; border_style=&#8221;dotted&#8221; global_colors_info=&#8221;{}&#8221;][\/et_pb_gallery][\/et_pb_column][\/et_pb_row][\/et_pb_section]<\/p>\n","protected":false},"excerpt":{"rendered":"<p>Al primo piano, senza ascensore, questo appartamento di 70 m\u00b2 \u00e8 molto luminoso ed affaccia su via Butera. \u00c8 una d\u00e9pendance del Palazzo e l\u2019ingresso \u00e8 da via Butera 42.Ingresso, soggiorno con divano letto doppio, cucina abitabile, camera da letto matrimoniale e bagno con doccia. Cucina attrezzata fornita di detersivi e l\u2019essenziale per la prima [&hellip;]<\/p>\n","protected":false},"author":2,"featured_media":0,"parent":2222,"menu_order":4,"comment_status":"closed","ping_status":"closed","template":"","meta":{"_et_pb_use_builder":"on","_et_pb_old_content":"","_et_gb_content_width":"","footnotes":""},"class_list":["post-3511","page","type-page","status-publish","hentry"],"_links":{"self":[{"href":"https:\/\/www.palazzolanzatomasi.it\/it\/wp-json\/wp\/v2\/pages\/3511","targetHints":{"allow":["GET"]}}],"collection":[{"href":"https:\/\/www.palazzolanzatomasi.it\/it\/wp-json\/wp\/v2\/pages"}],"about":[{"href":"https:\/\/www.palazzolanzatomasi.it\/it\/wp-json\/wp\/v2\/types\/page"}],"author":[{"embeddable":true,"href":"https:\/\/www.palazzolanzatomasi.it\/it\/wp-json\/wp\/v2\/users\/2"}],"replies":[{"embeddable":true,"href":"https:\/\/www.palazzolanzatomasi.it\/it\/wp-json\/wp\/v2\/comments?post=3511"}],"version-history":[{"count":28,"href":"https:\/\/www.palazzolanzatomasi.it\/it\/wp-json\/wp\/v2\/pages\/3511\/revisions"}],"predecessor-version":[{"id":7969,"href":"https:\/\/www.palazzolanzatomasi.it\/it\/wp-json\/wp\/v2\/pages\/3511\/revisions\/7969"}],"up":[{"embeddable":true,"href":"https:\/\/www.palazzolanzatomasi.it\/it\/wp-json\/wp\/v2\/pages\/2222"}],"wp:attachment":[{"href":"https:\/\/www.palazzolanzatomasi.it\/it\/wp-json\/wp\/v2\/media?parent=3511"}],"curies":[{"name":"wp","href":"https:\/\/api.w.org\/{rel}","templated":true}]}}