{"id":2816,"date":"2017-08-23T12:12:16","date_gmt":"2017-08-23T12:12:16","guid":{"rendered":"https:\/\/www.palazzolanzatomasi.it\/?page_id=2816\/"},"modified":"2025-08-28T16:50:38","modified_gmt":"2025-08-28T14:50:38","slug":"a-day-cooking-with-the-duchess","status":"publish","type":"page","link":"https:\/\/www.palazzolanzatomasi.it\/it\/a-day-cooking-with-the-duchess\/","title":{"rendered":"A Day Cooking with the Duchess: lezioni di cucina siciliana"},"content":{"rendered":"<p>[et_pb_section fb_built=&#8221;1&#8243; fullwidth=&#8221;on&#8221; _builder_version=&#8221;4.16&#8243; global_colors_info=&#8221;{}&#8221;][et_pb_fullwidth_image src=&#8221;https:\/\/www.palazzolanzatomasi.it\/wp-content\/uploads\/2017\/04\/header_cooking.jpg&#8221; alt=&#8221;Cooking classes in Palermo, Sicily&#8221; title_text=&#8221;Cooking classes in Palermo, Sicily&#8221; _builder_version=&#8221;4.16&#8243; animation=&#8221;off&#8221; border_style=&#8221;solid&#8221; global_colors_info=&#8221;{}&#8221;][\/et_pb_fullwidth_image][\/et_pb_section][et_pb_section fb_built=&#8221;1&#8243; _builder_version=&#8221;4.16&#8243; global_colors_info=&#8221;{}&#8221;][et_pb_row _builder_version=&#8221;4.16&#8243; background_size=&#8221;initial&#8221; background_position=&#8221;top_left&#8221; background_repeat=&#8221;repeat&#8221; global_colors_info=&#8221;{}&#8221;][et_pb_column type=&#8221;4_4&#8243; _builder_version=&#8221;4.16&#8243; custom_padding=&#8221;|||&#8221; global_colors_info=&#8221;{}&#8221; custom_padding__hover=&#8221;|||&#8221;][et_pb_post_title meta=&#8221;off&#8221; featured_image=&#8221;off&#8221; _builder_version=&#8221;4.16&#8243; title_font_size=&#8221;30&#8243; text_orientation=&#8221;center&#8221; custom_margin=&#8221;||0px|&#8221; use_border_color=&#8221;off&#8221; border_color=&#8221;#ffffff&#8221; border_style=&#8221;solid&#8221; parallax_effect=&#8221;off&#8221; locked=&#8221;off&#8221; global_colors_info=&#8221;{}&#8221;][\/et_pb_post_title][et_pb_image src=&#8221;https:\/\/www.palazzolanzatomasi.it\/wp-content\/uploads\/2017\/03\/separatore.png&#8221; show_bottom_space=&#8221;off&#8221; align=&#8221;center&#8221; align_tablet=&#8221;center&#8221; align_phone=&#8221;&#8221; align_last_edited=&#8221;on|desktop&#8221; _builder_version=&#8221;4.27.4&#8243; hover_enabled=&#8221;0&#8243; use_border_color=&#8221;off&#8221; border_color=&#8221;#ffffff&#8221; border_style=&#8221;solid&#8221; sticky=&#8221;on&#8221; always_center_on_mobile=&#8221;on&#8221; locked=&#8221;off&#8221; global_colors_info=&#8221;{}&#8221; sticky_enabled=&#8221;0&#8243;][\/et_pb_image][\/et_pb_column][\/et_pb_row][\/et_pb_section][et_pb_section fb_built=&#8221;1&#8243; _builder_version=&#8221;4.16&#8243; global_colors_info=&#8221;{}&#8221;][et_pb_row _builder_version=&#8221;4.16&#8243; background_size=&#8221;initial&#8221; background_position=&#8221;top_left&#8221; background_repeat=&#8221;repeat&#8221; global_colors_info=&#8221;{}&#8221;][et_pb_column type=&#8221;4_4&#8243; _builder_version=&#8221;4.16&#8243; custom_padding=&#8221;|||&#8221; global_colors_info=&#8221;{}&#8221; custom_padding__hover=&#8221;|||&#8221;][et_pb_text _builder_version=&#8221;4.27.4&#8243; background_size=&#8221;initial&#8221; background_position=&#8221;top_left&#8221; background_repeat=&#8221;repeat&#8221; text_orientation=&#8221;center&#8221; module_alignment=&#8221;center&#8221; global_colors_info=&#8221;{}&#8221;]<\/p>\n<h2>Una giornata straordinaria tra cucina siciliana, storia e letteratura<\/h2>\n<p>[\/et_pb_text][et_pb_text _builder_version=&#8221;4.27.4&#8243; background_size=&#8221;initial&#8221; background_position=&#8221;top_left&#8221; background_repeat=&#8221;repeat&#8221; text_orientation=&#8221;justified&#8221; border_style=&#8221;solid&#8221; global_colors_info=&#8221;{}&#8221;]<\/p>\n<p><strong>A Day Cooking with the Duchess\u00a0<\/strong>non \u00e8 soltanto una lezione di cucina siciliana in un luogo fuori dall\u2019ordinario.<\/p>\n<p>\u00c8 un\u2019esperienza culinaria e culturale unica nel suo genere, un avvincente itinerario attraverso il cibo e la storia della Sicilia in uno <a href=\"https:\/\/www.palazzolanzatomasi.it\/it\/palazzo\/\"><strong>splendido palazzo settecentesco sul mare<\/strong><\/a>, ultima dimora del Principe <strong>Giuseppe Tomasi di Lampedusa<\/strong>, autore del celebre romanzo\u00a0<em><a href=\"https:\/\/www.palazzolanzatomasi.it\/it\/palazzo\/il-gattopardo\/\"><strong>Il Gattopardo<\/strong><\/a><\/em>.<\/p>\n<p>La Duchessa di Palma vi condurr\u00e0 di buon mattino al pittoresco <strong>mercato del Capo<\/strong> dove sceglierete gli ingredienti di stagione pi\u00f9 freschi, e vi far\u00e0 scoprire alcune delle bellezze nascoste di Palermo, una delle citt\u00e0 pi\u00f9 seducenti del Mediterraneo. Al mercato sarete trasportati in un mondo rutilante di suoni, profumi e colori mediterranei, camminando tra le bancarelle stracolme di pesce freschissimo, di frutta e verdura, dei celebri agrumi di Sicilia, di spezie, del pane ricoperto di semi di sesamo, appena sfornato dal forno a legna.<\/p>\n<p>Di ritorno al palazzo, una sosta nella lussureggiante terrazza, un vero e proprio giardino pensile ricco di essenze mediterranee e subtropicali. L\u00ec raccoglierete le erbe, i fiori e gli agrumi pi\u00f9 adatti ad esaltare i sapori dei <strong>piatti siciliani<\/strong> che preparerete nell\u2019accogliente cucina del palazzo, sotto la guida esperta della Duchessa.<\/p>\n<p>Il menu da voi creato sar\u00e0 servito nell\u2019elegante sala da pranzo affacciata sul mare. Dopo pranzo, la Duchessa vi condurr\u00e0 in un affascinante tour attraverso le sale del palazzo, splendidamente restaurato, dove avrete tra l\u2019altro il privilegio di ammirare il manoscritto originale dell\u2019immortale capolavoro del Principe Tomasi di Lampedusa, Il Gattopardo.<\/p>\n<p>Le lezioni vengono organizzate per un <strong>minimo di 6 partecipanti<\/strong>.<br \/>La lezione inizia alle 8:30 e si conclude verso le 15:00.<br \/><strong>Per informazioni e prenotazioni<\/strong> si prega di scrivere a <a href=\"mailto:info@cookingwiththeduchess.it\" target=\"_blank\" rel=\"noopener\">info@cookingwiththeduchess.it<\/a>.<\/p>\n<p>[\/et_pb_text][\/et_pb_column][\/et_pb_row][\/et_pb_section][et_pb_section fb_built=&#8221;1&#8243; _builder_version=&#8221;4.16&#8243; global_colors_info=&#8221;{}&#8221;][et_pb_row _builder_version=&#8221;4.16&#8243; background_size=&#8221;initial&#8221; background_position=&#8221;top_left&#8221; background_repeat=&#8221;repeat&#8221; global_colors_info=&#8221;{}&#8221;][et_pb_column type=&#8221;4_4&#8243; _builder_version=&#8221;4.16&#8243; custom_padding=&#8221;|||&#8221; global_colors_info=&#8221;{}&#8221; custom_padding__hover=&#8221;|||&#8221;][et_pb_text _builder_version=&#8221;4.27.4&#8243; background_size=&#8221;initial&#8221; background_position=&#8221;top_left&#8221; background_repeat=&#8221;repeat&#8221; text_orientation=&#8221;justified&#8221; global_colors_info=&#8221;{}&#8221;]<\/p>\n<h2 style=\"text-align: center;\">Lezioni di cucina siciliana a Palermo<\/h2>\n<p>[\/et_pb_text][et_pb_gallery gallery_ids=&#8221;1898,1495,1487,1497,1489,1906,1491,1492,1904,1905,1903,1892,1493,1422,1893,1900,1896,1890,1902,1899,1504,1894,1895,1486,1922,1897,1891&#8243; posts_number=&#8221;30&#8243; show_title_and_caption=&#8221;off&#8221; show_pagination=&#8221;off&#8221; _builder_version=&#8221;4.16&#8243; border_width_all=&#8221;1px&#8221; border_color_all=&#8221;#cf875b&#8221; border_style_all=&#8221;dotted&#8221; use_border_color=&#8221;on&#8221; border_color=&#8221;#cf875b&#8221; border_style=&#8221;dotted&#8221; global_colors_info=&#8221;{}&#8221;][\/et_pb_gallery][\/et_pb_column][\/et_pb_row][\/et_pb_section]<\/p>\n","protected":false},"excerpt":{"rendered":"<p>Una giornata straordinaria tra cucina siciliana, storia e letteraturaA Day Cooking with the Duchess\u00a0non \u00e8 soltanto una lezione di cucina siciliana in un luogo fuori dall\u2019ordinario. \u00c8 un\u2019esperienza culinaria e culturale unica nel suo genere, un avvincente itinerario attraverso il cibo e la storia della Sicilia in uno splendido palazzo settecentesco sul mare, ultima dimora [&hellip;]<\/p>\n","protected":false},"author":1,"featured_media":0,"parent":0,"menu_order":5,"comment_status":"closed","ping_status":"closed","template":"","meta":{"_et_pb_use_builder":"on","_et_pb_old_content":"","_et_gb_content_width":"","footnotes":""},"class_list":["post-2816","page","type-page","status-publish","hentry"],"_links":{"self":[{"href":"https:\/\/www.palazzolanzatomasi.it\/it\/wp-json\/wp\/v2\/pages\/2816","targetHints":{"allow":["GET"]}}],"collection":[{"href":"https:\/\/www.palazzolanzatomasi.it\/it\/wp-json\/wp\/v2\/pages"}],"about":[{"href":"https:\/\/www.palazzolanzatomasi.it\/it\/wp-json\/wp\/v2\/types\/page"}],"author":[{"embeddable":true,"href":"https:\/\/www.palazzolanzatomasi.it\/it\/wp-json\/wp\/v2\/users\/1"}],"replies":[{"embeddable":true,"href":"https:\/\/www.palazzolanzatomasi.it\/it\/wp-json\/wp\/v2\/comments?post=2816"}],"version-history":[{"count":52,"href":"https:\/\/www.palazzolanzatomasi.it\/it\/wp-json\/wp\/v2\/pages\/2816\/revisions"}],"predecessor-version":[{"id":7841,"href":"https:\/\/www.palazzolanzatomasi.it\/it\/wp-json\/wp\/v2\/pages\/2816\/revisions\/7841"}],"wp:attachment":[{"href":"https:\/\/www.palazzolanzatomasi.it\/it\/wp-json\/wp\/v2\/media?parent=2816"}],"curies":[{"name":"wp","href":"https:\/\/api.w.org\/{rel}","templated":true}]}}