{"id":2314,"date":"2017-05-31T13:15:27","date_gmt":"2017-05-31T13:15:27","guid":{"rendered":"https:\/\/www.palazzolanzatomasi.it\/?page_id=2314\/"},"modified":"2025-12-15T22:28:37","modified_gmt":"2025-12-15T21:28:37","slug":"il-gattopardo","status":"publish","type":"page","link":"https:\/\/www.palazzolanzatomasi.it\/it\/palazzo\/il-gattopardo\/","title":{"rendered":"Il Gattopardo &#8211; Giuseppe Tomasi di Lampedusa"},"content":{"rendered":"<p>[et_pb_section fb_built=&#8221;1&#8243; fullwidth=&#8221;on&#8221; admin_label=&#8221;Sezione&#8221; _builder_version=&#8221;4.16&#8243; global_colors_info=&#8221;{}&#8221;][et_pb_fullwidth_image src=&#8221;https:\/\/www.palazzolanzatomasi.it\/wp-content\/uploads\/2025\/12\/gattopardo-header.jpg&#8221; alt=&#8221;Il Gattopardo&#8221; title_text=&#8221;Il Gattopardo&#8221; _builder_version=&#8221;4.27.5&#8243; animation_style=&#8221;fade&#8221; animation_duration=&#8221;500ms&#8221; hover_enabled=&#8221;0&#8243; animation=&#8221;fade_in&#8221; use_border_color=&#8221;off&#8221; border_color=&#8221;#ffffff&#8221; border_style=&#8221;solid&#8221; global_colors_info=&#8221;{}&#8221; sticky_enabled=&#8221;0&#8243;][\/et_pb_fullwidth_image][\/et_pb_section][et_pb_section fb_built=&#8221;1&#8243; admin_label=&#8221;section&#8221; _builder_version=&#8221;4.16&#8243; global_colors_info=&#8221;{}&#8221;][et_pb_row admin_label=&#8221;row&#8221; _builder_version=&#8221;4.16&#8243; background_size=&#8221;initial&#8221; background_position=&#8221;top_left&#8221; background_repeat=&#8221;repeat&#8221; global_colors_info=&#8221;{}&#8221;][et_pb_column type=&#8221;4_4&#8243; _builder_version=&#8221;4.16&#8243; custom_padding=&#8221;|||&#8221; global_colors_info=&#8221;{}&#8221; custom_padding__hover=&#8221;|||&#8221;][et_pb_post_title meta=&#8221;off&#8221; featured_image=&#8221;off&#8221; _builder_version=&#8221;4.16&#8243; title_font_size=&#8221;30&#8243; text_orientation=&#8221;center&#8221; custom_margin=&#8221;||0px|&#8221; use_border_color=&#8221;off&#8221; border_color=&#8221;#ffffff&#8221; border_style=&#8221;solid&#8221; parallax_effect=&#8221;off&#8221; global_colors_info=&#8221;{}&#8221;][\/et_pb_post_title][et_pb_image src=&#8221;https:\/\/www.palazzolanzatomasi.it\/wp-content\/uploads\/2017\/03\/separatore.png&#8221; show_bottom_space=&#8221;off&#8221; align=&#8221;center&#8221; align_tablet=&#8221;center&#8221; align_phone=&#8221;&#8221; align_last_edited=&#8221;on|desktop&#8221; admin_label=&#8221;Immagine&#8221; _builder_version=&#8221;4.16&#8243; use_border_color=&#8221;off&#8221; border_color=&#8221;#ffffff&#8221; border_style=&#8221;solid&#8221; sticky=&#8221;on&#8221; always_center_on_mobile=&#8221;on&#8221; global_colors_info=&#8221;{}&#8221;][\/et_pb_image][\/et_pb_column][\/et_pb_row][et_pb_row _builder_version=&#8221;4.16&#8243; background_size=&#8221;initial&#8221; background_position=&#8221;top_left&#8221; background_repeat=&#8221;repeat&#8221; global_colors_info=&#8221;{}&#8221;][et_pb_column type=&#8221;4_4&#8243; _builder_version=&#8221;4.16&#8243; custom_padding=&#8221;|||&#8221; global_colors_info=&#8221;{}&#8221; custom_padding__hover=&#8221;|||&#8221;][et_pb_text _builder_version=&#8221;4.27.4&#8243; background_size=&#8221;initial&#8221; background_position=&#8221;top_left&#8221; background_repeat=&#8221;repeat&#8221; text_orientation=&#8221;justified&#8221; border_style=&#8221;solid&#8221; global_colors_info=&#8221;{}&#8221;]<\/p>\n<p>Nel 2012 The Observer ha inserito <em><strong>Il Gattopardo<\/strong><\/em> di <strong>Giuseppe Tomasi, principe di Lampedusa<\/strong>, tra i dieci migliori romanzi storici di tutti i tempi. \u00c8 considerato uno dei romanzi pi\u00f9 importanti della letteratura italiana ed \u00e8 stato uno dei libri pi\u00f9 venduti in Italia. Pubblicato postumo da Feltrinelli nel 1958, \u00e8 stato tradotto in circa 50 lingue ed \u00e8 una delle opere letterarie pi\u00f9 amate nel mondo intero. <em><strong>Il Gattopardo<\/strong><\/em>, il film girato nel 1963 da <strong>Luchino Visconti<\/strong> con Burt Lancaster, Claudia Cardinale e Alain Delon, \u00e8 uno dei capolavori del celebre regista.<\/p>\n<p><em>Il Gattopardo<\/em> vola oltre il romanzo storico dell&#8217;Ottocento. Sar\u00e0 salutato da molti scrittori del nostro secolo come un evento straordinario per la sopravvivenza di quel genere letterario. Per Lampedusa il romanzo contemporaneo sar\u00e0 non pi\u00f9 storico ma psicologico. Il senso profondo della storia non \u00e8 pi\u00f9 la concatenazione degli eventi, ma la percezione dell&#8217;ansia. I suoi modelli di riferimento sono Virginia Woolf, James Joyce, Thomas S. Eliot e la psicoanalisi freudiana. Don Fabrizio, il protagonista, riflette sui limiti temporali della condizione umana, scorre con serenit\u00e0 le et\u00e0 dell&#8217;uomo, le sue riflessioni lo rendono consapevole delle pulsioni che regolano la nostra vita: sensualit\u00e0 e adolescenza, maturit\u00e0, vecchiaia e infine la morte, un periodo di sessant&#8217;anni. Il principe astronomo si avvicina alla rassegnazione stoica, una condotta in cui passa attraverso i mutamenti con una introspezione fuor del comune. La famosa frase del nipote Tancredi: &#8220;<strong>Se vogliamo che tutto rimanga com&#8217;\u00e8, bisogna che tutto cambi<\/strong>&#8221; sul letto di morte di Don Fabrizio si muta in: &#8220;Se tu non cambierai il tempo sapr\u00e0 cambiarti.&#8221; <em>Il Gattopardo<\/em> \u00e8 il romanzo dove i limiti temporali della nostra natura sono sempre presenti, malinconici, toccanti e saggi.<\/p>\n<p><strong>Palazzo Lampedusa<\/strong>, la dimora di famiglia dell&#8217;autore, fu distrutto durante i bombardamenti alleati su Palermo nell&#8217;aprile 1943. Alla fine degli anni Quaranta egli acquist\u00f2 parte di un palazzo in via Butera 28, nel quartiere Kalsa, nel centro storico di Palermo, dove vivr\u00e0 sino alla morte nel luglio 1957. A met\u00e0 Ottocento il palazzo era appartenuto al suo bisnonno, il principe <strong>Giulio Fabrizio Tomasi di Lampedusa<\/strong>, astronomo dilettante. Nei suoi ultimi anni di vita Giuseppe Tomasi decise di scrivere un romanzo basato in parte sulla vita del suo bisnonno all&#8217;epoca del Risorgimento e lo intitol\u00f2 <em><strong>Il Gattopardo<\/strong><\/em>, ispirandosi allo stemma di famiglia raffigurante un leopardo dorato.<br \/>Giuseppe Tomasi non aveva figli e adott\u00f2 un giovane cugino, Gioacchino Lanza di Mazzarino, per farne il suo erede. Dopo la morte del padre adottivo Gioacchino acquist\u00f2 il resto del palazzo, gravemente danneggiato dalle bombe, e lo restaur\u00f2 interamente riportandolo all&#8217;antico splendore.<br \/>Il <a href=\"https:\/\/www.palazzolanzatomasi.it\/it\/palazzo\/\"><em>piano nobile<\/em> del Palazzo<\/a> costituisce la <strong><a href=\"https:\/\/www.palazzolanzatomasi.it\/it\/palazzo\/sale-conferenze-casa-memoria\/\">Casa della Memoria<\/a><\/strong> dello scrittore con la sua biblioteca storica, rimasta intatta dalla sua morte, i pochi mobili e i dipinti che era riuscito a recuperare tra le rovine del distrutto Palazzo Lampedusa, e tutti i suoi manoscritti: il <strong>manoscritto completo del Gattopardo<\/strong>, il dattiloscritto rifiutato da due editori prima di essere accettato da Feltrinelli dopo la morte dello scrittore, la minuta della quarta parte del romanzo, i manoscritti dei <em><strong>Ricordi d&#8217;Infanzia<\/strong><\/em>, dei tre <em><strong>Racconti<\/strong> <\/em>e delle <em><strong>Lezioni di letteratura inglese e francese <\/strong><\/em>e una prima stesura del racconto<strong><em> La Sirena<\/em>.<\/strong><\/p>\n<p>[\/et_pb_text][\/et_pb_column][\/et_pb_row][\/et_pb_section][et_pb_section fb_built=&#8221;1&#8243; _builder_version=&#8221;4.16&#8243; global_colors_info=&#8221;{}&#8221;][et_pb_row _builder_version=&#8221;4.16&#8243; background_size=&#8221;initial&#8221; background_position=&#8221;top_left&#8221; background_repeat=&#8221;repeat&#8221; global_colors_info=&#8221;{}&#8221;][et_pb_column type=&#8221;4_4&#8243; _builder_version=&#8221;4.16&#8243; custom_padding=&#8221;|||&#8221; global_colors_info=&#8221;{}&#8221; custom_padding__hover=&#8221;|||&#8221;][et_pb_text _builder_version=&#8221;4.16&#8243; background_size=&#8221;initial&#8221; background_position=&#8221;top_left&#8221; background_repeat=&#8221;repeat&#8221; text_orientation=&#8221;center&#8221; module_alignment=&#8221;center&#8221; border_style=&#8221;solid&#8221; global_colors_info=&#8221;{}&#8221;]<\/p>\n<h2>Il Gattopardo &#8211;\u00a0Giuseppe Tomasi di Lampedusa<\/h2>\n<p>[\/et_pb_text][et_pb_gallery gallery_ids=&#8221;1825,1610,1598,1601,1599,1832,1603,1604,1828,1595,1596,1588,1589,1590,1591,1592,1594,2779,1593,2046,1471&#8243; posts_number=&#8221;30&#8243; show_title_and_caption=&#8221;off&#8221; show_pagination=&#8221;off&#8221; zoom_icon_color=&#8221;#cf875b&#8221; _builder_version=&#8221;4.16&#8243; border_width_all=&#8221;1px&#8221; border_color_all=&#8221;#cf875b&#8221; border_style_all=&#8221;dotted&#8221; use_border_color=&#8221;on&#8221; border_color=&#8221;#cf875b&#8221; border_style=&#8221;dotted&#8221; global_colors_info=&#8221;{}&#8221;][\/et_pb_gallery][\/et_pb_column][\/et_pb_row][\/et_pb_section]<\/p>\n","protected":false},"excerpt":{"rendered":"<p>Nel 2012 The Observer ha inserito Il Gattopardo di Giuseppe Tomasi, principe di Lampedusa, tra i dieci migliori romanzi storici di tutti i tempi. \u00c8 considerato uno dei romanzi pi\u00f9 importanti della letteratura italiana ed \u00e8 stato uno dei libri pi\u00f9 venduti in Italia. Pubblicato postumo da Feltrinelli nel 1958, \u00e8 stato tradotto in circa [&hellip;]<\/p>\n","protected":false},"author":2,"featured_media":0,"parent":2240,"menu_order":3,"comment_status":"closed","ping_status":"closed","template":"","meta":{"_et_pb_use_builder":"on","_et_pb_old_content":"","_et_gb_content_width":"","footnotes":""},"class_list":["post-2314","page","type-page","status-publish","hentry"],"_links":{"self":[{"href":"https:\/\/www.palazzolanzatomasi.it\/it\/wp-json\/wp\/v2\/pages\/2314","targetHints":{"allow":["GET"]}}],"collection":[{"href":"https:\/\/www.palazzolanzatomasi.it\/it\/wp-json\/wp\/v2\/pages"}],"about":[{"href":"https:\/\/www.palazzolanzatomasi.it\/it\/wp-json\/wp\/v2\/types\/page"}],"author":[{"embeddable":true,"href":"https:\/\/www.palazzolanzatomasi.it\/it\/wp-json\/wp\/v2\/users\/2"}],"replies":[{"embeddable":true,"href":"https:\/\/www.palazzolanzatomasi.it\/it\/wp-json\/wp\/v2\/comments?post=2314"}],"version-history":[{"count":27,"href":"https:\/\/www.palazzolanzatomasi.it\/it\/wp-json\/wp\/v2\/pages\/2314\/revisions"}],"predecessor-version":[{"id":8010,"href":"https:\/\/www.palazzolanzatomasi.it\/it\/wp-json\/wp\/v2\/pages\/2314\/revisions\/8010"}],"up":[{"embeddable":true,"href":"https:\/\/www.palazzolanzatomasi.it\/it\/wp-json\/wp\/v2\/pages\/2240"}],"wp:attachment":[{"href":"https:\/\/www.palazzolanzatomasi.it\/it\/wp-json\/wp\/v2\/media?parent=2314"}],"curies":[{"name":"wp","href":"https:\/\/api.w.org\/{rel}","templated":true}]}}