{"id":2220,"date":"2017-05-30T15:31:54","date_gmt":"2017-05-30T15:31:54","guid":{"rendered":"https:\/\/www.palazzolanzatomasi.it\/?page_id=2220\/"},"modified":"2025-12-15T21:43:57","modified_gmt":"2025-12-15T20:43:57","slug":"butera-28-apartments-palermo","status":"publish","type":"page","link":"https:\/\/www.palazzolanzatomasi.it\/it\/butera-28-apartments-palermo\/","title":{"rendered":"Butera 28 Apartments Palermo"},"content":{"rendered":"<p>[et_pb_section fb_built=&#8221;1&#8243; fullwidth=&#8221;on&#8221; admin_label=&#8221;Sezione&#8221; _builder_version=&#8221;4.16&#8243; background_image=&#8221;https:\/\/www.palazzolanzatomasi.it\/wp-content\/uploads\/2017\/03\/header-apartments.jpg&#8221; transparent_background=&#8221;off&#8221; make_fullwidth=&#8221;off&#8221; use_custom_width=&#8221;off&#8221; width_unit=&#8221;on&#8221; global_colors_info=&#8221;{}&#8221;][et_pb_fullwidth_image src=&#8221;https:\/\/www.palazzolanzatomasi.it\/wp-content\/uploads\/2017\/03\/header-apartments.jpg&#8221; admin_label=&#8221;Immagine a Larghezza Intera&#8221; _builder_version=&#8221;4.16&#8243; animation_style=&#8221;fade&#8221; animation_duration=&#8221;500ms&#8221; animation=&#8221;fade_in&#8221; use_border_color=&#8221;off&#8221; border_color=&#8221;#ffffff&#8221; border_style=&#8221;solid&#8221; global_colors_info=&#8221;{}&#8221;][\/et_pb_fullwidth_image][\/et_pb_section][et_pb_section fb_built=&#8221;1&#8243; admin_label=&#8221;Sezione&#8221; _builder_version=&#8221;4.16&#8243; transparent_background=&#8221;off&#8221; make_fullwidth=&#8221;off&#8221; use_custom_width=&#8221;off&#8221; width_unit=&#8221;on&#8221; global_colors_info=&#8221;{}&#8221;][et_pb_row admin_label=&#8221;Riga&#8221; _builder_version=&#8221;4.16&#8243; background_size=&#8221;initial&#8221; background_position=&#8221;top_left&#8221; background_repeat=&#8221;repeat&#8221; global_colors_info=&#8221;{}&#8221;][et_pb_column type=&#8221;4_4&#8243; _builder_version=&#8221;4.16&#8243; custom_padding=&#8221;|||&#8221; global_colors_info=&#8221;{}&#8221; custom_padding__hover=&#8221;|||&#8221;][et_pb_post_title meta=&#8221;off&#8221; featured_image=&#8221;off&#8221; _builder_version=&#8221;4.16&#8243; text_orientation=&#8221;center&#8221; border_style=&#8221;solid&#8221; global_colors_info=&#8221;{}&#8221;][\/et_pb_post_title][et_pb_image src=&#8221;https:\/\/www.palazzolanzatomasi.it\/wp-content\/uploads\/2017\/03\/separatore.png&#8221; align=&#8221;center&#8221; align_tablet=&#8221;center&#8221; align_phone=&#8221;&#8221; align_last_edited=&#8221;on|desktop&#8221; _builder_version=&#8221;4.16&#8243; custom_margin=&#8221;||20px|&#8221; animation_style=&#8221;slide&#8221; animation_direction=&#8221;left&#8221; animation_duration=&#8221;500ms&#8221; animation_intensity_slide=&#8221;10%&#8221; border_style=&#8221;solid&#8221; sticky=&#8221;off&#8221; always_center_on_mobile=&#8221;on&#8221; global_colors_info=&#8221;{}&#8221;][\/et_pb_image][et_pb_text admin_label=&#8221;Testo&#8221; _builder_version=&#8221;4.27.4&#8243; background_size=&#8221;initial&#8221; background_position=&#8221;top_left&#8221; background_repeat=&#8221;repeat&#8221; text_orientation=&#8221;justified&#8221; border_style=&#8221;solid&#8221; global_colors_info=&#8221;{}&#8221;]<\/p>\n<h2 style=\"text-align: center;\">La tua casa vacanza sul mare, nel centro storico di Palermo<\/h2>\n<p>[\/et_pb_text][et_pb_code _builder_version=&#8221;4.27.4&#8243; _module_preset=&#8221;default&#8221; custom_margin=&#8221;20px||30px||false|false&#8221; global_colors_info=&#8221;{}&#8221;]<div data-lang=\"it\" data-hotel-id=\"butera28\" data-id-room=\"0\"  class=\"kross-container\"><\/div>[\/et_pb_code][et_pb_text _builder_version=&#8221;4.27.5&#8243; _module_preset=&#8221;default&#8221; hover_enabled=&#8221;0&#8243; sticky_enabled=&#8221;0&#8243;]<\/p>\n<h4>Offriamo tariffe speciali di bassa stagione:<\/h4>\n<p>15 novembre-15 dicembre<br \/>10 gennaio-1 marzo<br \/>1-31 agosto<\/p>\n<p>[\/et_pb_text][\/et_pb_column][\/et_pb_row][\/et_pb_section][et_pb_section fb_built=&#8221;1&#8243; admin_label=&#8221;Sezione&#8221; _builder_version=&#8221;4.16&#8243; background_color=&#8221;#f4f6f8&#8243; global_colors_info=&#8221;{}&#8221;][et_pb_row column_structure=&#8221;1_3,1_3,1_3&#8243; make_equal=&#8221;on&#8221; admin_label=&#8221;Riga&#8221; _builder_version=&#8221;4.16&#8243; background_size=&#8221;initial&#8221; background_position=&#8221;top_left&#8221; background_repeat=&#8221;repeat&#8221; global_colors_info=&#8221;{}&#8221;][et_pb_column type=&#8221;1_3&#8243; _builder_version=&#8221;4.16&#8243; background_color=&#8221;#cbaa5c&#8221; background_image=&#8221;https:\/\/www.palazzolanzatomasi.it\/wp-content\/uploads\/2017\/03\/standard.jpg&#8221; custom_padding=&#8221;260px|40px|40px|40px&#8221; global_colors_info=&#8221;{}&#8221; custom_padding__hover=&#8221;|||&#8221;][et_pb_text admin_label=&#8221;Testo&#8221; _builder_version=&#8221;4.27.4&#8243; background_color=&#8221;#ffffff&#8221; background_size=&#8221;initial&#8221; background_position=&#8221;top_left&#8221; background_repeat=&#8221;repeat&#8221; text_orientation=&#8221;center&#8221; max_width=&#8221;280px&#8221; module_alignment=&#8221;center&#8221; custom_padding=&#8221;20px||20px|&#8221; border_style=&#8221;solid&#8221; global_colors_info=&#8221;{}&#8221;]<\/p>\n<h3>Standard<\/h3>\n<p><img loading=\"lazy\" decoding=\"async\" class=\"alignnone size-full wp-image-641\" src=\"https:\/\/www.palazzolanzatomasi.it\/wp-content\/uploads\/2017\/03\/separatore-s.png\" alt=\"\" width=\"200\" height=\"10\" \/><\/p>\n<p>Appartamenti confortevoli ed accoglienti<\/p>\n<p>&nbsp;<\/p>\n<div class=\"et_pb_button_module_wrapper et_pb_module et_pb_button_alignment_center\"><a class=\"et_pb_button et_pb_button_0 et_pb_module et_pb_bg_layout_dark\" href=\"https:\/\/www.palazzolanzatomasi.it\/it\/butera-28-apartments-palermo\/standard\/\">Dettagli<\/a><\/div>\n<p>[\/et_pb_text][\/et_pb_column][et_pb_column type=&#8221;1_3&#8243; _builder_version=&#8221;4.16&#8243; background_color=&#8221;#cbaa5c&#8221; background_image=&#8221;https:\/\/www.palazzolanzatomasi.it\/wp-content\/uploads\/2017\/03\/superior.jpg&#8221; custom_padding=&#8221;260px|40px|40px|40px&#8221; global_colors_info=&#8221;{}&#8221; custom_padding__hover=&#8221;|||&#8221;][et_pb_text admin_label=&#8221;Testo&#8221; _builder_version=&#8221;4.27.4&#8243; background_color=&#8221;#ffffff&#8221; background_size=&#8221;initial&#8221; background_position=&#8221;top_left&#8221; background_repeat=&#8221;repeat&#8221; text_orientation=&#8221;center&#8221; max_width=&#8221;280px&#8221; module_alignment=&#8221;center&#8221; custom_padding=&#8221;20px||20px|&#8221; border_style=&#8221;solid&#8221; global_colors_info=&#8221;{}&#8221;]<\/p>\n<h3>Superior<\/h3>\n<p><img loading=\"lazy\" decoding=\"async\" class=\"alignnone size-full wp-image-641\" src=\"https:\/\/www.palazzolanzatomasi.it\/wp-content\/uploads\/2017\/03\/separatore-s.png\" alt=\"\" width=\"200\" height=\"10\" \/><\/p>\n<p>Appartamenti spaziosi e luminosi con splendida vista<\/p>\n<p>&nbsp;<\/p>\n<div class=\"et_pb_button_module_wrapper et_pb_module et_pb_button_alignment_center\"><a class=\"et_pb_button et_pb_button_0 et_pb_module et_pb_bg_layout_dark\" href=\"https:\/\/www.palazzolanzatomasi.it\/it\/butera-28-apartments-palermo\/superior\/\">Dettagli<\/a><\/div>\n<p>[\/et_pb_text][\/et_pb_column][et_pb_column type=&#8221;1_3&#8243; _builder_version=&#8221;4.16&#8243; background_color=&#8221;#cbaa5c&#8221; background_image=&#8221;https:\/\/www.palazzolanzatomasi.it\/wp-content\/uploads\/2017\/03\/deluxe.jpg&#8221; custom_padding=&#8221;260px|40px|40px|40px&#8221; global_colors_info=&#8221;{}&#8221; custom_padding__hover=&#8221;|||&#8221;][et_pb_text admin_label=&#8221;Testo&#8221; _builder_version=&#8221;4.27.4&#8243; background_color=&#8221;#ffffff&#8221; background_size=&#8221;initial&#8221; background_position=&#8221;top_left&#8221; background_repeat=&#8221;repeat&#8221; text_orientation=&#8221;center&#8221; max_width=&#8221;280px&#8221; module_alignment=&#8221;center&#8221; custom_padding=&#8221;20px||20px|&#8221; border_style=&#8221;solid&#8221; global_colors_info=&#8221;{}&#8221;]<\/p>\n<h3>Deluxe<\/h3>\n<p><img loading=\"lazy\" decoding=\"async\" class=\"alignnone size-full wp-image-641\" src=\"https:\/\/www.palazzolanzatomasi.it\/wp-content\/uploads\/2017\/03\/separatore-s.png\" alt=\"\" width=\"200\" height=\"10\" \/><\/p>\n<p>Appartamenti eleganti con terrazze e vista mare unica<\/p>\n<p>&nbsp;<\/p>\n<div class=\"et_pb_button_module_wrapper et_pb_module et_pb_button_alignment_center\"><a class=\"et_pb_button et_pb_button_0 et_pb_module et_pb_bg_layout_dark\" href=\"https:\/\/www.palazzolanzatomasi.it\/it\/butera-28-apartments-palermo\/deluxe\/\">Dettagli<\/a><\/div>\n<p>[\/et_pb_text][\/et_pb_column][\/et_pb_row][\/et_pb_section][et_pb_section fb_built=&#8221;1&#8243; admin_label=&#8221;Sezione&#8221; _builder_version=&#8221;4.16&#8243; transparent_background=&#8221;off&#8221; make_fullwidth=&#8221;off&#8221; use_custom_width=&#8221;off&#8221; width_unit=&#8221;on&#8221; global_colors_info=&#8221;{}&#8221;][et_pb_row admin_label=&#8221;Riga&#8221; _builder_version=&#8221;4.16&#8243; background_size=&#8221;initial&#8221; background_position=&#8221;top_left&#8221; background_repeat=&#8221;repeat&#8221; global_colors_info=&#8221;{}&#8221;][et_pb_column type=&#8221;4_4&#8243; _builder_version=&#8221;4.16&#8243; custom_padding=&#8221;|||&#8221; global_colors_info=&#8221;{}&#8221; custom_padding__hover=&#8221;|||&#8221;][et_pb_text admin_label=&#8221;Testo&#8221; _builder_version=&#8221;4.27.4&#8243; background_size=&#8221;initial&#8221; background_position=&#8221;top_left&#8221; background_repeat=&#8221;repeat&#8221; text_orientation=&#8221;justified&#8221; border_style=&#8221;solid&#8221; global_colors_info=&#8221;{}&#8221;]<\/p>\n<p><strong>Butera 28 Apartments rappresenta la destinazione ideale per gli amanti della Sicilia, del <a href=\"https:\/\/www.palazzolanzatomasi.it\/it\/palazzo\/il-gattopardo\/\"><em>Gattopardo<\/em><\/a>, della letteratura e della cultura siciliane<\/strong> e per chiunque desideri trascorrere una <strong>vacanza indimenticabile in un luogo fuori dal comune<\/strong>.<\/p>\n<p>Le nostre <strong>case vacanza<\/strong> sono ospitate all\u2019interno di <a href=\"https:\/\/www.palazzolanzatomasi.it\/it\/palazzo\/\"><strong>Palazzo Lanza Tomasi<\/strong><\/a>, un splendido palazzo del Settecento affacciato sul mare, nel cuore del centro storico di Palermo. Il Palazzo \u00e8 stato l\u2019ultima dimora del <strong>Principe Giuseppe Tomasi di Lampedusa, il celebre autore de <em>Il Gattopardo<\/em><\/strong>.<\/p>\n<p>Dai nostri appartamenti in pochi minuti sono facilmente raggiungibili a piedi i pi\u00f9 importanti siti turistici ed artistici, dalle celebri chiese ai pittoreschi mercati, dai principali musei e teatri all\u2019affascinante <strong>Orto Botanico<\/strong>.<\/p>\n<p>Ogni casa vacanza \u00e8 arredata con <strong>mobili antichi<\/strong> ed \u00e8 dotata di <strong>cucina completamente attrezzata, WI-FI, aria condizionata, riscaldamento, lavatrice e Smart TV<\/strong>.<br \/><strong>Alcune hanno terrazze con splendida vista sul mare o balconi affacciati sul centro storico<\/strong>.<\/p>\n<p>Nel vostro appartamento troverete mappe di Palermo, itinerari, consigli e molte informazioni utili, affinch\u00e9 possiate vivere al meglio la vostra vacanza in citt\u00e0. A breve distanza dal Palazzo si trovano ristoranti, trattorie, caff\u00e8, pasticcerie, supermarket, negozi, e tutti i luoghi pi\u00f9 vibranti della animata vita notturna del centro storico di Palermo. Una visita ai pittoreschi mercati vi consentir\u00e0 di acquistare pesce appena pescato ed i prodotti locali pi\u00f9 freschi, per ricreare un <strong>autentico men\u00f9 siciliano nel comfort della vostra cucina<\/strong>!<\/p>\n<p>Butera 28 Apartments \u00e8 provvisto di un <strong>garage privato<\/strong>; \u00e8 inoltre convenzionato con una <strong>compagnia di taxi<\/strong> per agevolare i transfer da e per l\u2019aeroporto e con una <strong>societ\u00e0 di autonoleggio<\/strong> che offre consegna e ritiro dell\u2019auto presso il nostro Palazzo.<br \/>Il <strong>nostro staff<\/strong> \u00e8 a completa disposizione dei nostri ospiti anche per organizzare visite guidate a Palermo e in Sicilia.<br \/>Se state cercando un <strong>appartamento per le vostre vacanze a Palermo, in Sicilia, Butera 28 Apartments \u00e8 la scelta migliore<\/strong>!<\/p>\n<p>Affittare una delle nostre case vacanza, indipendente, arredata con eleganza e perfettamente attrezzata, vi offre l\u2019<strong>opportunit\u00e0 unica e rara di vivere in un contesto unico e affascinante, in cui la storia, la letteratura e la cultura della Sicilia vi accompagneranno durante l\u2019intero soggiorno<\/strong>.<\/p>\n<p>[\/et_pb_text][\/et_pb_column][\/et_pb_row][\/et_pb_section]<\/p>\n","protected":false},"excerpt":{"rendered":"<p>La tua casa vacanza sul mare, nel centro storico di Palermo<div data-lang=\"it\" data-hotel-id=\"butera28\" data-id-room=\"0\"  class=\"kross-container\"><\/div>Offriamo tariffe speciali di bassa stagione: 15 novembre-15 dicembre10 gennaio-1 marzo1-31 agostoStandard Appartamenti confortevoli ed accoglienti &nbsp; DettagliSuperior Appartamenti spaziosi e luminosi con splendida vista &nbsp; DettagliDeluxe Appartamenti eleganti con terrazze e vista mare unica &nbsp; DettagliButera 28 Apartments rappresenta la destinazione ideale per gli [&hellip;]<\/p>\n","protected":false},"author":2,"featured_media":0,"parent":0,"menu_order":3,"comment_status":"closed","ping_status":"closed","template":"","meta":{"_et_pb_use_builder":"on","_et_pb_old_content":"","_et_gb_content_width":"","footnotes":""},"class_list":["post-2220","page","type-page","status-publish","hentry"],"_links":{"self":[{"href":"https:\/\/www.palazzolanzatomasi.it\/it\/wp-json\/wp\/v2\/pages\/2220","targetHints":{"allow":["GET"]}}],"collection":[{"href":"https:\/\/www.palazzolanzatomasi.it\/it\/wp-json\/wp\/v2\/pages"}],"about":[{"href":"https:\/\/www.palazzolanzatomasi.it\/it\/wp-json\/wp\/v2\/types\/page"}],"author":[{"embeddable":true,"href":"https:\/\/www.palazzolanzatomasi.it\/it\/wp-json\/wp\/v2\/users\/2"}],"replies":[{"embeddable":true,"href":"https:\/\/www.palazzolanzatomasi.it\/it\/wp-json\/wp\/v2\/comments?post=2220"}],"version-history":[{"count":63,"href":"https:\/\/www.palazzolanzatomasi.it\/it\/wp-json\/wp\/v2\/pages\/2220\/revisions"}],"predecessor-version":[{"id":7923,"href":"https:\/\/www.palazzolanzatomasi.it\/it\/wp-json\/wp\/v2\/pages\/2220\/revisions\/7923"}],"wp:attachment":[{"href":"https:\/\/www.palazzolanzatomasi.it\/it\/wp-json\/wp\/v2\/media?parent=2220"}],"curies":[{"name":"wp","href":"https:\/\/api.w.org\/{rel}","templated":true}]}}